{"id":16207,"date":"2024-01-26T16:19:24","date_gmt":"2024-01-26T16:19:24","guid":{"rendered":"https:\/\/despensafranciscana.com\/?post_type=product&#038;p=16207"},"modified":"2025-03-07T14:53:54","modified_gmt":"2025-03-07T14:53:54","slug":"tabua-de-madeira-artesanal","status":"publish","type":"product","link":"https:\/\/despensafranciscana.com\/de\/loja\/tabua-de-madeira-artesanal\/","title":{"rendered":"Handgefertigtes Holzbrett"},"content":{"rendered":"<p>Handgefertigtes Holzbrett, ideal zum Auflegen von Vorspeisen, Aufschnitt, Appetith\u00e4ppchen, gegrilltem Fleisch oder was immer Ihnen einf\u00e4llt.<\/p>","protected":false},"excerpt":{"rendered":"<p>Von einem Handwerker hergestelltes Brett aus Olivenholz. Ideal f\u00fcr die Platzierung auf einem Tisch mit Aufschnitt, gegrilltem Fleisch oder allem anderen, was Ihrer Fantasie entspringt. Sie k\u00f6nnen mit dem Namen oder Logo Ihrer Wahl personalisiert werden. Ein originelles und ungew\u00f6hnliches Geschenk, das die Beschenkten sicherlich \u00fcberraschen wird!<\/p>","protected":false},"featured_media":16208,"template":"","meta":[],"product_brand":[],"product_cat":[152],"product_tag":[],"class_list":{"0":"post-16207","1":"product","2":"type-product","3":"status-publish","4":"has-post-thumbnail","6":"product_cat-artes-de-ca","8":"first","9":"instock","10":"taxable","11":"shipping-taxable","12":"purchasable","13":"product-type-simple"},"yoast_head":"<!-- This site is optimized with the Yoast SEO plugin v27.2 - https:\/\/yoast.com\/product\/yoast-seo-wordpress\/ -->\n<title>T\u00e1bua de madeira artesanal - Despensa Franciscana<\/title>\n<meta name=\"robots\" content=\"index, follow, max-snippet:-1, max-image-preview:large, max-video-preview:-1\" \/>\n<link rel=\"canonical\" href=\"https:\/\/despensafranciscana.com\/de\/loja\/tabua-de-madeira-artesanal\/\" \/>\n<meta property=\"og:locale\" content=\"de_DE\" \/>\n<meta property=\"og:type\" content=\"article\" \/>\n<meta property=\"og:title\" content=\"T\u00e1bua de madeira artesanal - Despensa Franciscana\" \/>\n<meta property=\"og:description\" content=\"T\u00e1bua de madeira de oliveira feita por artes\u00e3o. Ideal para colocar numa mesa com frios, carnes grelhadas ou com tudo o que a imagina\u00e7\u00e3o permitir. Possibilidade de serem personalizadas com o nome ou logotipo que quiser. Um presente original e diferente que certamente ir\u00e1 surpreender quem o receber!\" \/>\n<meta property=\"og:url\" content=\"https:\/\/despensafranciscana.com\/de\/loja\/tabua-de-madeira-artesanal\/\" \/>\n<meta property=\"og:site_name\" content=\"Despensa Franciscana\" \/>\n<meta property=\"article:publisher\" content=\"https:\/\/www.facebook.com\/despensafranciscana\/\" \/>\n<meta property=\"article:modified_time\" content=\"2025-03-07T14:53:54+00:00\" \/>\n<meta property=\"og:image\" content=\"https:\/\/despensafranciscana.com\/wp-content\/uploads\/2024\/01\/MadeiraJuntos.jpg\" \/>\n\t<meta property=\"og:image:width\" content=\"1080\" \/>\n\t<meta property=\"og:image:height\" content=\"720\" \/>\n\t<meta property=\"og:image:type\" content=\"image\/jpeg\" \/>\n<meta name=\"twitter:card\" content=\"summary_large_image\" \/>\n<script type=\"application\/ld+json\" class=\"yoast-schema-graph\">{\"@context\":\"https:\/\/schema.org\",\"@graph\":[{\"@type\":\"WebPage\",\"@id\":\"https:\/\/despensafranciscana.com\/en\/loja\/tabua-de-madeira-artesanal\/\",\"url\":\"https:\/\/despensafranciscana.com\/en\/loja\/tabua-de-madeira-artesanal\/\",\"name\":\"T\u00e1bua de madeira artesanal - Despensa Franciscana\",\"isPartOf\":{\"@id\":\"https:\/\/despensafranciscana.com\/#website\"},\"primaryImageOfPage\":{\"@id\":\"https:\/\/despensafranciscana.com\/en\/loja\/tabua-de-madeira-artesanal\/#primaryimage\"},\"image\":{\"@id\":\"https:\/\/despensafranciscana.com\/en\/loja\/tabua-de-madeira-artesanal\/#primaryimage\"},\"thumbnailUrl\":\"https:\/\/despensafranciscana.com\/wp-content\/uploads\/2024\/01\/MadeiraJuntos.jpg\",\"datePublished\":\"2024-01-26T16:19:24+00:00\",\"dateModified\":\"2025-03-07T14:53:54+00:00\",\"breadcrumb\":{\"@id\":\"https:\/\/despensafranciscana.com\/en\/loja\/tabua-de-madeira-artesanal\/#breadcrumb\"},\"inLanguage\":\"de\",\"potentialAction\":[{\"@type\":\"ReadAction\",\"target\":[\"https:\/\/despensafranciscana.com\/en\/loja\/tabua-de-madeira-artesanal\/\"]}]},{\"@type\":\"ImageObject\",\"inLanguage\":\"de\",\"@id\":\"https:\/\/despensafranciscana.com\/en\/loja\/tabua-de-madeira-artesanal\/#primaryimage\",\"url\":\"https:\/\/despensafranciscana.com\/wp-content\/uploads\/2024\/01\/MadeiraJuntos.jpg\",\"contentUrl\":\"https:\/\/despensafranciscana.com\/wp-content\/uploads\/2024\/01\/MadeiraJuntos.jpg\",\"width\":1080,\"height\":720},{\"@type\":\"BreadcrumbList\",\"@id\":\"https:\/\/despensafranciscana.com\/en\/loja\/tabua-de-madeira-artesanal\/#breadcrumb\",\"itemListElement\":[{\"@type\":\"ListItem\",\"position\":1,\"name\":\"In\u00edcio\",\"item\":\"https:\/\/despensafranciscana.com\/\"},{\"@type\":\"ListItem\",\"position\":2,\"name\":\"Loja\",\"item\":\"https:\/\/despensafranciscana.com\/loja\/\"},{\"@type\":\"ListItem\",\"position\":3,\"name\":\"T\u00e1bua de madeira artesanal\"}]},{\"@type\":\"WebSite\",\"@id\":\"https:\/\/despensafranciscana.com\/#website\",\"url\":\"https:\/\/despensafranciscana.com\/\",\"name\":\"Despensa Franciscana\",\"description\":\"Despensa Franciscana\",\"publisher\":{\"@id\":\"https:\/\/despensafranciscana.com\/#organization\"},\"potentialAction\":[{\"@type\":\"SearchAction\",\"target\":{\"@type\":\"EntryPoint\",\"urlTemplate\":\"https:\/\/despensafranciscana.com\/?s={search_term_string}\"},\"query-input\":{\"@type\":\"PropertyValueSpecification\",\"valueRequired\":true,\"valueName\":\"search_term_string\"}}],\"inLanguage\":\"de\"},{\"@type\":\"Organization\",\"@id\":\"https:\/\/despensafranciscana.com\/#organization\",\"name\":\"Despensa Franciscana\",\"url\":\"https:\/\/despensafranciscana.com\/\",\"logo\":{\"@type\":\"ImageObject\",\"inLanguage\":\"de\",\"@id\":\"https:\/\/despensafranciscana.com\/#\/schema\/logo\/image\/\",\"url\":\"https:\/\/despensafranciscana.com\/wp-content\/uploads\/2025\/02\/despensa-franciscana-revamp-logos-8.png\",\"contentUrl\":\"https:\/\/despensafranciscana.com\/wp-content\/uploads\/2025\/02\/despensa-franciscana-revamp-logos-8.png\",\"width\":1920,\"height\":628,\"caption\":\"Despensa Franciscana\"},\"image\":{\"@id\":\"https:\/\/despensafranciscana.com\/#\/schema\/logo\/image\/\"},\"sameAs\":[\"https:\/\/www.facebook.com\/despensafranciscana\/\",\"https:\/\/www.instagram.com\/despensafranciscana\/\"]}]}<\/script>\n<!-- \/ Yoast SEO plugin. -->","yoast_head_json":{"title":"T\u00e1bua de madeira artesanal - Despensa Franciscana","robots":{"index":"index","follow":"follow","max-snippet":"max-snippet:-1","max-image-preview":"max-image-preview:large","max-video-preview":"max-video-preview:-1"},"canonical":"https:\/\/despensafranciscana.com\/de\/loja\/tabua-de-madeira-artesanal\/","og_locale":"de_DE","og_type":"article","og_title":"T\u00e1bua de madeira artesanal - Despensa Franciscana","og_description":"T\u00e1bua de madeira de oliveira feita por artes\u00e3o. Ideal para colocar numa mesa com frios, carnes grelhadas ou com tudo o que a imagina\u00e7\u00e3o permitir. Possibilidade de serem personalizadas com o nome ou logotipo que quiser. Um presente original e diferente que certamente ir\u00e1 surpreender quem o receber!","og_url":"https:\/\/despensafranciscana.com\/de\/loja\/tabua-de-madeira-artesanal\/","og_site_name":"Despensa Franciscana","article_publisher":"https:\/\/www.facebook.com\/despensafranciscana\/","article_modified_time":"2025-03-07T14:53:54+00:00","og_image":[{"width":1080,"height":720,"url":"https:\/\/despensafranciscana.com\/wp-content\/uploads\/2024\/01\/MadeiraJuntos.jpg","type":"image\/jpeg"}],"twitter_card":"summary_large_image","schema":{"@context":"https:\/\/schema.org","@graph":[{"@type":"WebPage","@id":"https:\/\/despensafranciscana.com\/en\/loja\/tabua-de-madeira-artesanal\/","url":"https:\/\/despensafranciscana.com\/en\/loja\/tabua-de-madeira-artesanal\/","name":"T\u00e1bua de madeira artesanal - Despensa Franciscana","isPartOf":{"@id":"https:\/\/despensafranciscana.com\/#website"},"primaryImageOfPage":{"@id":"https:\/\/despensafranciscana.com\/en\/loja\/tabua-de-madeira-artesanal\/#primaryimage"},"image":{"@id":"https:\/\/despensafranciscana.com\/en\/loja\/tabua-de-madeira-artesanal\/#primaryimage"},"thumbnailUrl":"https:\/\/despensafranciscana.com\/wp-content\/uploads\/2024\/01\/MadeiraJuntos.jpg","datePublished":"2024-01-26T16:19:24+00:00","dateModified":"2025-03-07T14:53:54+00:00","breadcrumb":{"@id":"https:\/\/despensafranciscana.com\/en\/loja\/tabua-de-madeira-artesanal\/#breadcrumb"},"inLanguage":"de","potentialAction":[{"@type":"ReadAction","target":["https:\/\/despensafranciscana.com\/en\/loja\/tabua-de-madeira-artesanal\/"]}]},{"@type":"ImageObject","inLanguage":"de","@id":"https:\/\/despensafranciscana.com\/en\/loja\/tabua-de-madeira-artesanal\/#primaryimage","url":"https:\/\/despensafranciscana.com\/wp-content\/uploads\/2024\/01\/MadeiraJuntos.jpg","contentUrl":"https:\/\/despensafranciscana.com\/wp-content\/uploads\/2024\/01\/MadeiraJuntos.jpg","width":1080,"height":720},{"@type":"BreadcrumbList","@id":"https:\/\/despensafranciscana.com\/en\/loja\/tabua-de-madeira-artesanal\/#breadcrumb","itemListElement":[{"@type":"ListItem","position":1,"name":"In\u00edcio","item":"https:\/\/despensafranciscana.com\/"},{"@type":"ListItem","position":2,"name":"Loja","item":"https:\/\/despensafranciscana.com\/loja\/"},{"@type":"ListItem","position":3,"name":"T\u00e1bua de madeira artesanal"}]},{"@type":"WebSite","@id":"https:\/\/despensafranciscana.com\/#website","url":"https:\/\/despensafranciscana.com\/","name":"Franziskanische Speisekammer","description":"Franziskanische Speisekammer","publisher":{"@id":"https:\/\/despensafranciscana.com\/#organization"},"potentialAction":[{"@type":"SearchAction","target":{"@type":"EntryPoint","urlTemplate":"https:\/\/despensafranciscana.com\/?s={search_term_string}"},"query-input":{"@type":"PropertyValueSpecification","valueRequired":true,"valueName":"search_term_string"}}],"inLanguage":"de"},{"@type":"Organization","@id":"https:\/\/despensafranciscana.com\/#organization","name":"Franziskanische Speisekammer","url":"https:\/\/despensafranciscana.com\/","logo":{"@type":"ImageObject","inLanguage":"de","@id":"https:\/\/despensafranciscana.com\/#\/schema\/logo\/image\/","url":"https:\/\/despensafranciscana.com\/wp-content\/uploads\/2025\/02\/despensa-franciscana-revamp-logos-8.png","contentUrl":"https:\/\/despensafranciscana.com\/wp-content\/uploads\/2025\/02\/despensa-franciscana-revamp-logos-8.png","width":1920,"height":628,"caption":"Despensa Franciscana"},"image":{"@id":"https:\/\/despensafranciscana.com\/#\/schema\/logo\/image\/"},"sameAs":["https:\/\/www.facebook.com\/despensafranciscana\/","https:\/\/www.instagram.com\/despensafranciscana\/"]}]}},"_links":{"self":[{"href":"https:\/\/despensafranciscana.com\/de\/wp-json\/wp\/v2\/product\/16207","targetHints":{"allow":["GET"]}}],"collection":[{"href":"https:\/\/despensafranciscana.com\/de\/wp-json\/wp\/v2\/product"}],"about":[{"href":"https:\/\/despensafranciscana.com\/de\/wp-json\/wp\/v2\/types\/product"}],"wp:featuredmedia":[{"embeddable":true,"href":"https:\/\/despensafranciscana.com\/de\/wp-json\/wp\/v2\/media\/16208"}],"wp:attachment":[{"href":"https:\/\/despensafranciscana.com\/de\/wp-json\/wp\/v2\/media?parent=16207"}],"wp:term":[{"taxonomy":"product_brand","embeddable":true,"href":"https:\/\/despensafranciscana.com\/de\/wp-json\/wp\/v2\/product_brand?post=16207"},{"taxonomy":"product_cat","embeddable":true,"href":"https:\/\/despensafranciscana.com\/de\/wp-json\/wp\/v2\/product_cat?post=16207"},{"taxonomy":"product_tag","embeddable":true,"href":"https:\/\/despensafranciscana.com\/de\/wp-json\/wp\/v2\/product_tag?post=16207"}],"curies":[{"name":"wp","href":"https:\/\/api.w.org\/{rel}","templated":true}]}}