{"id":15662,"date":"2023-04-28T11:36:33","date_gmt":"2023-04-28T10:36:33","guid":{"rendered":"https:\/\/despensafranciscana.com\/?post_type=product&#038;p=15662"},"modified":"2025-03-07T16:18:31","modified_gmt":"2025-03-07T16:18:31","slug":"cerveja-artesanal-apa-american-pale-ale","status":"publish","type":"product","link":"https:\/\/despensafranciscana.com\/de\/loja\/cerveja-artesanal-apa-american-pale-ale\/","title":{"rendered":"Cerveja Artesanal APA &#8211; American Pale Ale"},"content":{"rendered":"<p>Der Verkauf und Konsum von alkoholischen Getr\u00e4nken an Minderj\u00e4hrige (18 Jahre) ist gem\u00e4\u00df Artikel 3, Nr. 1 des Gesetzesdekrets 106\/2015 vom 16. Juni untersagt.<\/p>","protected":false},"excerpt":{"rendered":"<p>Casa do Penedo Brewery - APA AMERICAN PALE ALE 5.4 %, ist ein klares, erfrischendes und hopfiges Bier mit einem Malzgehalt, der es ausgewogen und s\u00fcffig macht.<br \/>\nKlares, helles, bernsteinfarbenes Bier mit wei\u00dfem Schaum und guter Haltbarkeit. Es hat einen m\u00e4\u00dfig starken Geschmack nach amerikanischem Hopfen, der durch ein malziges Aroma ausgeglichen wird, wobei der Hopfen jedoch die Hauptrolle spielt.<br \/>\nDieser Bierstil wurde in den 80er Jahren in den Vereinigten Staaten entwickelt.<\/p>","protected":false},"featured_media":15663,"template":"","meta":[],"product_brand":[],"product_cat":[39],"product_tag":[],"class_list":{"0":"post-15662","1":"product","2":"type-product","3":"status-publish","4":"has-post-thumbnail","6":"product_cat-bebidas","8":"first","9":"instock","10":"taxable","11":"shipping-taxable","12":"purchasable","13":"product-type-simple"},"yoast_head":"<!-- This site is optimized with the Yoast SEO plugin v27.2 - https:\/\/yoast.com\/product\/yoast-seo-wordpress\/ -->\n<title>Cerveja Artesanal APA - American Pale Ale - Despensa Franciscana<\/title>\n<meta name=\"robots\" content=\"index, follow, max-snippet:-1, max-image-preview:large, max-video-preview:-1\" \/>\n<link rel=\"canonical\" href=\"https:\/\/despensafranciscana.com\/de\/loja\/cerveja-artesanal-apa-american-pale-ale\/\" \/>\n<meta property=\"og:locale\" content=\"de_DE\" \/>\n<meta property=\"og:type\" content=\"article\" \/>\n<meta property=\"og:title\" content=\"Cerveja Artesanal APA - American Pale Ale - Despensa Franciscana\" \/>\n<meta property=\"og:description\" content=\"Casa do Penedo Brewery - APA AMERICAN PALE ALE 5,4 %, \u00e9 uma cerveja clara, refrescante e lupulada, com aporte de malte que faz uma cerveja equilibrada e de boa &quot;drinkability&quot;. De cor \u00e2mbar clara l\u00edmpida e espuma branca, com boa reten\u00e7\u00e3o, tem um sabor moderado-forte a l\u00fapulos americanos, balanceado pelo sabor a malte, mas com o l\u00fapulo no papel principal. Este estilo de cerveja foi desenvolvido nos Estados Unidos da Am\u00e9rica da d\u00e9cada de 80.\" \/>\n<meta property=\"og:url\" content=\"https:\/\/despensafranciscana.com\/de\/loja\/cerveja-artesanal-apa-american-pale-ale\/\" \/>\n<meta property=\"og:site_name\" content=\"Despensa Franciscana\" \/>\n<meta property=\"article:publisher\" content=\"https:\/\/www.facebook.com\/despensafranciscana\/\" \/>\n<meta property=\"article:modified_time\" content=\"2025-03-07T16:18:31+00:00\" \/>\n<meta property=\"og:image\" content=\"https:\/\/despensafranciscana.com\/wp-content\/uploads\/2023\/04\/APA.jpg\" \/>\n\t<meta property=\"og:image:width\" content=\"1000\" \/>\n\t<meta property=\"og:image:height\" content=\"1000\" \/>\n\t<meta property=\"og:image:type\" content=\"image\/jpeg\" \/>\n<meta name=\"twitter:card\" content=\"summary_large_image\" \/>\n<script type=\"application\/ld+json\" class=\"yoast-schema-graph\">{\"@context\":\"https:\/\/schema.org\",\"@graph\":[{\"@type\":\"WebPage\",\"@id\":\"https:\/\/despensafranciscana.com\/fr\/loja\/cerveja-artesanal-apa-american-pale-ale\/\",\"url\":\"https:\/\/despensafranciscana.com\/fr\/loja\/cerveja-artesanal-apa-american-pale-ale\/\",\"name\":\"Cerveja Artesanal APA - American Pale Ale - Despensa Franciscana\",\"isPartOf\":{\"@id\":\"https:\/\/despensafranciscana.com\/#website\"},\"primaryImageOfPage\":{\"@id\":\"https:\/\/despensafranciscana.com\/fr\/loja\/cerveja-artesanal-apa-american-pale-ale\/#primaryimage\"},\"image\":{\"@id\":\"https:\/\/despensafranciscana.com\/fr\/loja\/cerveja-artesanal-apa-american-pale-ale\/#primaryimage\"},\"thumbnailUrl\":\"https:\/\/despensafranciscana.com\/wp-content\/uploads\/2023\/04\/APA.jpg\",\"datePublished\":\"2023-04-28T10:36:33+00:00\",\"dateModified\":\"2025-03-07T16:18:31+00:00\",\"breadcrumb\":{\"@id\":\"https:\/\/despensafranciscana.com\/fr\/loja\/cerveja-artesanal-apa-american-pale-ale\/#breadcrumb\"},\"inLanguage\":\"de\",\"potentialAction\":[{\"@type\":\"ReadAction\",\"target\":[\"https:\/\/despensafranciscana.com\/fr\/loja\/cerveja-artesanal-apa-american-pale-ale\/\"]}]},{\"@type\":\"ImageObject\",\"inLanguage\":\"de\",\"@id\":\"https:\/\/despensafranciscana.com\/fr\/loja\/cerveja-artesanal-apa-american-pale-ale\/#primaryimage\",\"url\":\"https:\/\/despensafranciscana.com\/wp-content\/uploads\/2023\/04\/APA.jpg\",\"contentUrl\":\"https:\/\/despensafranciscana.com\/wp-content\/uploads\/2023\/04\/APA.jpg\",\"width\":1000,\"height\":1000},{\"@type\":\"BreadcrumbList\",\"@id\":\"https:\/\/despensafranciscana.com\/fr\/loja\/cerveja-artesanal-apa-american-pale-ale\/#breadcrumb\",\"itemListElement\":[{\"@type\":\"ListItem\",\"position\":1,\"name\":\"In\u00edcio\",\"item\":\"https:\/\/despensafranciscana.com\/\"},{\"@type\":\"ListItem\",\"position\":2,\"name\":\"Loja\",\"item\":\"https:\/\/despensafranciscana.com\/loja\/\"},{\"@type\":\"ListItem\",\"position\":3,\"name\":\"Cerveja Artesanal APA &#8211; American Pale Ale\"}]},{\"@type\":\"WebSite\",\"@id\":\"https:\/\/despensafranciscana.com\/#website\",\"url\":\"https:\/\/despensafranciscana.com\/\",\"name\":\"Despensa Franciscana\",\"description\":\"Despensa Franciscana\",\"publisher\":{\"@id\":\"https:\/\/despensafranciscana.com\/#organization\"},\"potentialAction\":[{\"@type\":\"SearchAction\",\"target\":{\"@type\":\"EntryPoint\",\"urlTemplate\":\"https:\/\/despensafranciscana.com\/?s={search_term_string}\"},\"query-input\":{\"@type\":\"PropertyValueSpecification\",\"valueRequired\":true,\"valueName\":\"search_term_string\"}}],\"inLanguage\":\"de\"},{\"@type\":\"Organization\",\"@id\":\"https:\/\/despensafranciscana.com\/#organization\",\"name\":\"Despensa Franciscana\",\"url\":\"https:\/\/despensafranciscana.com\/\",\"logo\":{\"@type\":\"ImageObject\",\"inLanguage\":\"de\",\"@id\":\"https:\/\/despensafranciscana.com\/#\/schema\/logo\/image\/\",\"url\":\"https:\/\/despensafranciscana.com\/wp-content\/uploads\/2025\/02\/despensa-franciscana-revamp-logos-8.png\",\"contentUrl\":\"https:\/\/despensafranciscana.com\/wp-content\/uploads\/2025\/02\/despensa-franciscana-revamp-logos-8.png\",\"width\":1920,\"height\":628,\"caption\":\"Despensa Franciscana\"},\"image\":{\"@id\":\"https:\/\/despensafranciscana.com\/#\/schema\/logo\/image\/\"},\"sameAs\":[\"https:\/\/www.facebook.com\/despensafranciscana\/\",\"https:\/\/www.instagram.com\/despensafranciscana\/\"]}]}<\/script>\n<!-- \/ Yoast SEO plugin. -->","yoast_head_json":{"title":"Cerveja Artesanal APA - American Pale Ale - Despensa Franciscana","robots":{"index":"index","follow":"follow","max-snippet":"max-snippet:-1","max-image-preview":"max-image-preview:large","max-video-preview":"max-video-preview:-1"},"canonical":"https:\/\/despensafranciscana.com\/de\/loja\/cerveja-artesanal-apa-american-pale-ale\/","og_locale":"de_DE","og_type":"article","og_title":"Cerveja Artesanal APA - American Pale Ale - Despensa Franciscana","og_description":"Casa do Penedo Brewery - APA AMERICAN PALE ALE 5,4 %, \u00e9 uma cerveja clara, refrescante e lupulada, com aporte de malte que faz uma cerveja equilibrada e de boa \"drinkability\". De cor \u00e2mbar clara l\u00edmpida e espuma branca, com boa reten\u00e7\u00e3o, tem um sabor moderado-forte a l\u00fapulos americanos, balanceado pelo sabor a malte, mas com o l\u00fapulo no papel principal. Este estilo de cerveja foi desenvolvido nos Estados Unidos da Am\u00e9rica da d\u00e9cada de 80.","og_url":"https:\/\/despensafranciscana.com\/de\/loja\/cerveja-artesanal-apa-american-pale-ale\/","og_site_name":"Despensa Franciscana","article_publisher":"https:\/\/www.facebook.com\/despensafranciscana\/","article_modified_time":"2025-03-07T16:18:31+00:00","og_image":[{"width":1000,"height":1000,"url":"https:\/\/despensafranciscana.com\/wp-content\/uploads\/2023\/04\/APA.jpg","type":"image\/jpeg"}],"twitter_card":"summary_large_image","schema":{"@context":"https:\/\/schema.org","@graph":[{"@type":"WebPage","@id":"https:\/\/despensafranciscana.com\/fr\/loja\/cerveja-artesanal-apa-american-pale-ale\/","url":"https:\/\/despensafranciscana.com\/fr\/loja\/cerveja-artesanal-apa-american-pale-ale\/","name":"Cerveja Artesanal APA - American Pale Ale - Despensa Franciscana","isPartOf":{"@id":"https:\/\/despensafranciscana.com\/#website"},"primaryImageOfPage":{"@id":"https:\/\/despensafranciscana.com\/fr\/loja\/cerveja-artesanal-apa-american-pale-ale\/#primaryimage"},"image":{"@id":"https:\/\/despensafranciscana.com\/fr\/loja\/cerveja-artesanal-apa-american-pale-ale\/#primaryimage"},"thumbnailUrl":"https:\/\/despensafranciscana.com\/wp-content\/uploads\/2023\/04\/APA.jpg","datePublished":"2023-04-28T10:36:33+00:00","dateModified":"2025-03-07T16:18:31+00:00","breadcrumb":{"@id":"https:\/\/despensafranciscana.com\/fr\/loja\/cerveja-artesanal-apa-american-pale-ale\/#breadcrumb"},"inLanguage":"de","potentialAction":[{"@type":"ReadAction","target":["https:\/\/despensafranciscana.com\/fr\/loja\/cerveja-artesanal-apa-american-pale-ale\/"]}]},{"@type":"ImageObject","inLanguage":"de","@id":"https:\/\/despensafranciscana.com\/fr\/loja\/cerveja-artesanal-apa-american-pale-ale\/#primaryimage","url":"https:\/\/despensafranciscana.com\/wp-content\/uploads\/2023\/04\/APA.jpg","contentUrl":"https:\/\/despensafranciscana.com\/wp-content\/uploads\/2023\/04\/APA.jpg","width":1000,"height":1000},{"@type":"BreadcrumbList","@id":"https:\/\/despensafranciscana.com\/fr\/loja\/cerveja-artesanal-apa-american-pale-ale\/#breadcrumb","itemListElement":[{"@type":"ListItem","position":1,"name":"In\u00edcio","item":"https:\/\/despensafranciscana.com\/"},{"@type":"ListItem","position":2,"name":"Loja","item":"https:\/\/despensafranciscana.com\/loja\/"},{"@type":"ListItem","position":3,"name":"Cerveja Artesanal APA &#8211; American Pale Ale"}]},{"@type":"WebSite","@id":"https:\/\/despensafranciscana.com\/#website","url":"https:\/\/despensafranciscana.com\/","name":"Franziskanische Speisekammer","description":"Franziskanische Speisekammer","publisher":{"@id":"https:\/\/despensafranciscana.com\/#organization"},"potentialAction":[{"@type":"SearchAction","target":{"@type":"EntryPoint","urlTemplate":"https:\/\/despensafranciscana.com\/?s={search_term_string}"},"query-input":{"@type":"PropertyValueSpecification","valueRequired":true,"valueName":"search_term_string"}}],"inLanguage":"de"},{"@type":"Organization","@id":"https:\/\/despensafranciscana.com\/#organization","name":"Franziskanische Speisekammer","url":"https:\/\/despensafranciscana.com\/","logo":{"@type":"ImageObject","inLanguage":"de","@id":"https:\/\/despensafranciscana.com\/#\/schema\/logo\/image\/","url":"https:\/\/despensafranciscana.com\/wp-content\/uploads\/2025\/02\/despensa-franciscana-revamp-logos-8.png","contentUrl":"https:\/\/despensafranciscana.com\/wp-content\/uploads\/2025\/02\/despensa-franciscana-revamp-logos-8.png","width":1920,"height":628,"caption":"Despensa Franciscana"},"image":{"@id":"https:\/\/despensafranciscana.com\/#\/schema\/logo\/image\/"},"sameAs":["https:\/\/www.facebook.com\/despensafranciscana\/","https:\/\/www.instagram.com\/despensafranciscana\/"]}]}},"_links":{"self":[{"href":"https:\/\/despensafranciscana.com\/de\/wp-json\/wp\/v2\/product\/15662","targetHints":{"allow":["GET"]}}],"collection":[{"href":"https:\/\/despensafranciscana.com\/de\/wp-json\/wp\/v2\/product"}],"about":[{"href":"https:\/\/despensafranciscana.com\/de\/wp-json\/wp\/v2\/types\/product"}],"wp:featuredmedia":[{"embeddable":true,"href":"https:\/\/despensafranciscana.com\/de\/wp-json\/wp\/v2\/media\/15663"}],"wp:attachment":[{"href":"https:\/\/despensafranciscana.com\/de\/wp-json\/wp\/v2\/media?parent=15662"}],"wp:term":[{"taxonomy":"product_brand","embeddable":true,"href":"https:\/\/despensafranciscana.com\/de\/wp-json\/wp\/v2\/product_brand?post=15662"},{"taxonomy":"product_cat","embeddable":true,"href":"https:\/\/despensafranciscana.com\/de\/wp-json\/wp\/v2\/product_cat?post=15662"},{"taxonomy":"product_tag","embeddable":true,"href":"https:\/\/despensafranciscana.com\/de\/wp-json\/wp\/v2\/product_tag?post=15662"}],"curies":[{"name":"wp","href":"https:\/\/api.w.org\/{rel}","templated":true}]}}