{"id":1349,"date":"2021-06-13T20:10:38","date_gmt":"2021-06-13T20:10:38","guid":{"rendered":"https:\/\/despensafranciscana.com\/?page_id=1349"},"modified":"2025-02-23T18:03:58","modified_gmt":"2025-02-23T18:03:58","slug":"termos-e-condicoes","status":"publish","type":"page","link":"https:\/\/despensafranciscana.com\/de\/termos-e-condicoes\/","title":{"rendered":"Termos e Condi\u00e7\u00f5es Gerais de Venda e Utiliza\u00e7\u00e3o"},"content":{"rendered":"<div class=\"wpb-content-wrapper\"><div data-parent=\"true\" class=\"vc_row row-container\" id=\"row-unique-0\"><div class=\"row limit-width row-parent\"><div class=\"wpb_row row-inner\"><div class=\"wpb_column pos-top pos-center align_left column_parent col-lg-12 single-internal-gutter\"><div class=\"uncol style-light\"  ><div class=\"uncoltable\"><div class=\"uncell\" ><div class=\"uncont no-block-padding col-custom-width\" style=\" max-width:80%;\" ><div class=\"vc_custom_heading_wrap\"><div class=\"heading-text el-text\" ><h1 class=\"h1 text-uppercase\" ><span>Termos e Condi\u00e7\u00f5es Gerais de Venda e Utiliza\u00e7\u00e3o<\/span><\/h1><\/div><div class=\"clear\"><\/div><\/div><div class=\"uncode_text_column text-justify\" ><p class=\"has-text-align-center\"><em>PR\u00c4AMBEL<\/em><\/p>\n<p>Diese allgemeinen Verkaufs- und Nutzungsbedingungen werden zwischen Gama de Matos, LDA mit Sitz in Rua do Apeadeiro, Quinta Nova, 7430-356 Vale do Peso, im Folgenden DESPENSA FRANCISCANA genannt, und Personen vereinbart, die \u00fcber die Website www. despensafranciscana.com, im Folgenden NUTZER genannt<\/p>\n<p>\u00a0<\/p>\n<h2 class=\"wp-block-heading\"><strong>1. UNTERNEHMENSDATEN<\/strong><\/h2>\n<p>a) Name oder Firmenname: Franziskanische Speisekammer<\/p>\n<p>b) Anschrift des Hauptsitzes oder der physischen Niederlassung: Rua do Apeadeiro, Quinta Nova, 7430-356 Vale do Peso<\/p>\n<p>c) E-Mail-Adresse: geral@despensafranciscana.com<\/p>\n<p>d) Handelsregister des Konservatoriums von Lissabon<\/p>\n<p>e) N\u00famero de identifica\u00e7\u00e3o fiscal: 514\u00a0744 243<\/p>\n<p>\u00a0<\/p>\n<h2 class=\"wp-block-heading\"><strong>2. OBJEKT<\/strong><\/h2>\n<p>a) Der Zweck dieser Allgemeinen Verkaufs- und Nutzungsbedingungen besteht darin, alle Informationen zu definieren, die der Benutzer in Bezug auf die Modalit\u00e4ten des Kaufs, der Zahlung und der Lieferung von Produkten von Despensa Franciscana ben\u00f6tigt.<\/p>\n<p>b) Diese Bedingungen regeln alle notwendigen Schritte, um Produkte von Despensa Franciscana zu kaufen.<\/p>\n<p>c) Die Nutzung der Dienste von Despensa Franciscana setzt die Annahme und Zustimmung zu den Allgemeinen Verkaufs- und Nutzungsbedingungen durch den Benutzer voraus.<\/p>\n<p>\u00a0<\/p>\n<h2 class=\"wp-block-heading\"><strong>3. AUFZEICHNEN<\/strong><\/h2>\n<p>a) Die Registrierung als Kunde bei Despensa Franciscana setzt die Annahme der Allgemeinen Verkaufs- und Nutzungsbedingungen durch den Benutzer voraus. Der Benutzer erh\u00e4lt die M\u00f6glichkeit, die Allgemeinen Verkaufs- und Nutzungsbedingungen einzusehen, zu lesen und zu entscheiden, ob er diese akzeptiert oder nicht.<\/p>\n<p>b) Die Kundenregistrierung bei Despensa Franciscana ist kostenlos.<\/p>\n<p>c) Die Registrierung in Despensa Franciscana und jeder mit der Registrierung verbundene Kauf ist individuell und nicht \u00fcbertragbar und kann nur vom Benutzer genutzt werden. Der Benutzername (Login) und der Zugangscode (Passwort) entsprechen einem Mitglied und k\u00f6nnen nur vom Benutzer verwendet werden und k\u00f6nnen nicht \u00fcbertragen oder von Dritten verwendet werden.<\/p>\n<p>d) Nachrichten an die in der Registrierung des Nutzers enthaltene E-Mail-Adresse sind ausschlie\u00dflich f\u00fcr den Nutzer bestimmt, sofern nicht anders angegeben.<\/p>\n<p>e) Der Benutzer erkennt an, dass alle seine Zugriffe und Bewegungen innerhalb der Despensa Franciscana-Website registriert sind und f\u00fcr rechtliche Zwecke verwendet werden k\u00f6nnen.<\/p>\n<p>f) Bei der Registrierung bei Despensa Franciscana muss der Benutzer seine Daten auf dem Kaufformular wahrheitsgem\u00e4\u00df ausf\u00fcllen und erkl\u00e4ren, dass er zur Eingabe der oben genannten Daten berechtigt ist.<\/p>\n<p>g) Der Benutzer hat das Recht, die zu seiner Registrierung geh\u00f6renden Daten einzusehen und zu \u00e4ndern, indem er sich einfach schriftlich an Despensa Franciscana wendet, die alle zumutbaren Anstrengungen unternimmt, um dem Benutzer die \u00c4nderung seiner Daten \u00fcber die Website zu erm\u00f6glichen Eingabe des Benutzernamens und des Zugangscodes.<\/p>\n<p>h) Die Verarbeitung dieser Daten liegt in der Verantwortung von Despensa Franciscana, die ihre Vertraulichkeit und Sicherheit garantiert und sich verpflichtet, sie nicht an Dritte weiterzugeben.<\/p>\n<p>i) Die Registrierung erm\u00f6glicht einen einfacheren Kaufprozess, mit der M\u00f6glichkeit f\u00fcr den Benutzer, die M\u00f6glichkeit der Erfassung seiner Daten zu w\u00e4hlen, wodurch diese sofort erkannt werden k\u00f6nnen, ohne dass eine erneute Eingabe erforderlich ist.<\/p>\n<p>\u00a0<\/p>\n<h2 class=\"wp-block-heading\"><strong>4. BESTELLEN<\/strong><\/h2>\n<p>a) Der Benutzer schlie\u00dft seine Bestellung f\u00fcr ein oder mehrere Produkte ab, indem er den auf unserer Website als &quot;Abschlie\u00dfen des Kaufs&quot; bezeichneten Kaufvorgang abschlie\u00dft, nachdem er die Produkte, die er bestellen m\u00f6chte, in den Warenkorb gelegt hat, mittels: die Auswahl der Optionen \u201eHinzuf\u00fcgen\u201c und \u201eBest\u00e4tigen\u201c.<\/p>\n<p>b) Bei einigen ordnungsgem\u00e4\u00df gekennzeichneten Produkten kann der Erwerb von einer Mindestanzahl von Kaufeinheiten abh\u00e4ngig gemacht werden.<\/p>\n<p>b) Um Ihre Bestellung aufzugeben, muss der Benutzer:<\/p>\n<p>\u00a0<\/p>\n<ol class=\"wp-block-list\">\n<li>Registar-se no website despensafranciscana.com.<\/li>\n<li>Efetuar o \u201clogin\u201d no website despensafranciscana.com.<\/li>\n<li>Vervollst\u00e4ndigen Sie die Informationen und w\u00e4hlen Sie die Optionen aus, die Ihnen w\u00e4hrend des Kaufvorgangs zur Verf\u00fcgung gestellt werden (TIN und der Name, der aus steuerlichen Gr\u00fcnden auf der Rechnung erscheinen soll; Adresse; Zahlungsmethode).<\/li>\n<li>Der Benutzer erh\u00e4lt eine E-Mail zur Best\u00e4tigung seiner Bestellung.<\/li>\n<\/ol>\n<p>c) Die endg\u00fcltige Best\u00e4tigung der Bestellung durch den Benutzer entspricht der vollst\u00e4ndigen und vollst\u00e4ndigen Annahme der Preise und der Beschreibung der zum Verkauf angebotenen Produkte sowie dieser Allgemeinen Verkaufs- und Nutzungsbedingungen.<\/p>\n<p>d) Die in der Rechnung enthaltenen Daten liegen in der alleinigen Verantwortung des Benutzers.<\/p>\n<p>\u00a0<\/p>\n<h2 class=\"wp-block-heading\"><strong>5. ZAHLUNG<\/strong><\/h2>\n<p>a) 1. No website \u00a0www.despensafranciscana.com, a Despensa Franciscana prop\u00f5e ao Utilizador as seguintes modalidades de pagamento:<\/p>\n<p>\u00a0<\/p>\n<ol class=\"wp-block-list\">\n<li>Kreditkarte (Visa und Mastercard);<\/li>\n<li>ATM-Referenz, verf\u00fcgbar nach dem Kauf;<\/li>\n<li>Paypal, nur f\u00fcr Eink\u00e4ufe \u00fcber 5 \u20ac verf\u00fcgbar;<\/li>\n<li>MbWay;<\/li>\n<\/ol>\n<p>b) Bei Zahlung per Kreditkarte erfolgt die Belastung der Karte des Nutzers unmittelbar nach der Registrierung der Bestellung.<\/p>\n<p>c) Despensa Franciscana wird alle Anstrengungen unternehmen, um maximale Vertraulichkeit und Sicherheit der \u00fcber das Internet \u00fcbertragenen Daten zu gew\u00e4hrleisten.<\/p>\n<p>d) Despensa Franciscana beh\u00e4lt sich das Produkt f\u00fcr einen Zeitraum von 24 Stunden vor, w\u00e4hrend dessen die Zahlung \u00fcberpr\u00fcft werden muss.<\/p>\n<p>e) Bei \u00dcberschreitung der 24-Stunden-Frist wird die Bestellung automatisch storniert.<\/p>\n<p>\u00a0<\/p>\n<h2 class=\"wp-block-heading\"><strong>6. STORNIERUNGSBEDINGUNGEN F\u00dcR BESTELLUNGEN\u00a0<\/strong><\/h2>\n<p>a) Der Benutzer kann seine Bestellung innerhalb von 24 Stunden nach der Best\u00e4tigung der Bestellung durch Despensa Franciscana an die E-Mail geral@despensafranciscana.com stornieren.<\/p>\n<p>b) Die Stornierungsanfrage wird erst wirksam, wenn die Bestellnummer und der Name des Nutzers angegeben sind.<\/p>\n<p>c) Despensa Franciscana beh\u00e4lt sich das Recht vor, einen Benutzer von unserer Website abzumelden, wenn er der Meinung ist, dass dieser Benutzer diese Klausel in missbr\u00e4uchlicher Weise verwendet.<\/p>\n<p>\u00a0<\/p>\n<h2 class=\"wp-block-heading\"><strong>7. VERSAND UND LIEFERUNG VON PRODUKTEN\u00a0<\/strong><\/h2>\n<p>a) Auf dem portugiesischen Festland werden Bestellungen am Tag der Zahlung versandt und in der Regel innerhalb von maximal 48 Stunden geliefert.<\/p>\n<p>b) F\u00fcr die Autonomen Regionen, die je nach Insel unterschiedlich sein k\u00f6nnen, kann die Lieferzeit variieren.<\/p>\n<p>c) Die Franziskaner Pantry liefert nur in europ\u00e4ische L\u00e4nder und die Lieferzeiten k\u00f6nnen von Land zu Land variieren.<\/p>\n<p>d) No caso de rutura de stock ou atraso por parte da transportadora,\u00a0 o prazo de entrega poder\u00e1 n\u00e3o ser cumprido, n\u00e3o se responsabilizando a Despensa Franciscana nesta situa\u00e7\u00f5es.<\/p>\n<p>d) Bestellungen k\u00f6nnen per Express CTT oder per DPD versandt werden.<\/p>\n<p>\u00a0<\/p>\n<h2 class=\"wp-block-heading\"><strong>8. PREISE<\/strong><\/h2>\n<p>a) Die Preise verstehen sich in Euro, inklusive Geb\u00fchren und Steuern, unter Ber\u00fccksichtigung der am Tag der Zahlung der Bestellung geltenden Mehrwertsteuer.<\/p>\n<p>b) Die Preise der Produkte, der Mehrwertsteuerwert und die Versandkosten werden vor der endg\u00fcltigen Best\u00e4tigung der Bestellung ordnungsgem\u00e4\u00df aufgef\u00fchrt.<\/p>\n<p>c) Alle zus\u00e4tzlichen Kosten, die durch den Versand von Bestellungen ins Ausland entstehen, insbesondere die Zollabfertigung, gehen zu Lasten des K\u00e4ufers.<\/p>\n<p>d) Auf der Website aufgef\u00fchrte Preise <a href=\"https:\/\/despensafranciscana.com\/de\/\">www.despensafranciscana.com<\/a> gelten ausschlie\u00dflich f\u00fcr Online-K\u00e4ufe und k\u00f6nnen an anderen Verkaufsstellen variieren.<\/p>\n<p>e) Die im Check-out-Prozess angezeigten Preise entsprechen immer den aktuellsten Preisen, sollten jedoch nur als g\u00fcltig angesehen werden, solange sie auf der Website auf einer aktualisierten Seite sichtbar sind (Cache- oder nicht aktualisierte Seiten k\u00f6nnen Preise anzeigen, die keine mehr sind in Kraft). Der angezeigte Preis wird nur unter diesen Bedingungen und erst nach ordnungsgem\u00e4\u00dfer Registrierung und Zahlung der Bestellung gem\u00e4\u00df den in diesen Allgemeinen Verkaufs- und Nutzungsbedingungen enthaltenen Zahlungsbedingungen garantiert.<\/p>\n<p>\u00a0<\/p>\n<h2 class=\"wp-block-heading\"><strong>9.<\/strong> <strong>NEWSLETTER\u00a0<\/strong><\/h2>\n<p>a) Die Bezeichnung &quot;<em>Newsletter der franziskanischen Speisekammer<\/em>\u201c zu den verschiedenen <em>E-Mails<\/em> mit Werbeaktionen, Angeboten und Informationen, die direkt an die E-Mail-Box des Benutzers gesendet werden, die Despensa Franciscana bei der Registrierung des Benutzers zur Verf\u00fcgung gestellt wurde.<\/p>\n<p>b) Das Abonnement des Newsletters erfolgt nicht automatisch, wobei der Benutzer das Recht hat, ihn zu abonnieren oder nicht.<\/p>\n<p>c) Um seine pers\u00f6nlichen Daten zu \u00e4ndern oder die Anfrage zum Versand des Newsletters auszusetzen, muss der Benutzer in seinen Profilbereich gehen und diese Option deaktivieren<\/p>\n<p>\u00a0<\/p>\n<h2 class=\"wp-block-heading\"><strong>10. RABATTE<\/strong><\/h2>\n<p>a) Despensa Franciscana macht gelegentlich Werbevorschl\u00e4ge f\u00fcr den Preis ihrer Produkte in Form von Werbecodes mit prozentualen Rabatten auf den Katalogpreis.<\/p>\n<p>b) Um diese Rabatte zu garantieren, ist es notwendig, den erhaltenen elektronischen Aktionscode in den Warenkorb einzuf\u00fcgen, bevor Sie den Kauf best\u00e4tigen. In diesem Fall berechnet der Warenkorb automatisch den Verkaufspreis des Produkts unter Ber\u00fccksichtigung des Rabatts.<\/p>\n<p>\u00a0<\/p>\n<h2 class=\"wp-block-heading\"><strong>11. R\u00dcCKKEHR<\/strong><\/h2>\n<p>a) Der Benutzer hat das Recht, das Produkt 14 Tage lang zur\u00fcckzugeben, wobei er die mit der R\u00fccksendung verbundenen Kosten tr\u00e4gt.<\/p>\n<p>b) Ma\u00dfgeschneiderte, versiegelte und vom Umtausch ausgeschlossene Produkte, solche, die leicht verderben oder die ihr Verfallsdatum schnell erreichen, sind vom R\u00fcckgaberecht ausgeschlossen.<\/p>\n<p>c) Der Benutzer hat das Recht, M\u00e4ngel oder Unzul\u00e4nglichkeiten des Produkts in Bezug auf die Bestellung innerhalb der gesetzlichen Fristen zu diesem Zweck und immer \u00fcber einen dauerhaften Support oder an die E-Mail-geral@despensafranciscana.com zu reklamieren.<\/p>\n<p>d) Wenn der Benutzer die bestellten Artikel zur\u00fcckgeben m\u00f6chte, erstattet die Despensa Franciscana das Geld f\u00fcr den Kauf, jedoch nicht das bereits bezahlte Porto.<\/p>\n<p>e) Die Despensa Franciscana tr\u00e4gt die Portokosten f\u00fcr die R\u00fccksendung, wenn der Artikel nachweislich besch\u00e4digt ist oder ein Fehler beim Versand aufgetreten ist.<\/p>\n<p>f) Das meiste Ausgelassene richtet sich nach den Bestimmungen des Gesetzesdekrets 24\/2014 vom 14. Februar.<\/p>\n<p>\u00a0<\/p>\n<h2 class=\"wp-block-heading\"><strong>12. BESCHWERDEN<\/strong><\/h2>\n<p>a) O Utilizador poder\u00e1 apresentar as suas sugest\u00f5es ou reclama\u00e7\u00f5es \u00e0 Despensa Franciscana atrav\u00e9s do e-mail geral@despensafranciscana.com.<\/p>\n<p>\u00a0<\/p>\n<h2 class=\"wp-block-heading\"><strong>13. VERANTWORTUNG<\/strong><\/h2>\n<p>a) Despensa Franciscana haftet nicht f\u00fcr Unannehmlichkeiten oder Sch\u00e4den, die dem Benutzer durch die Nutzung des Internet-Netzwerks entstehen, wie z.<\/p>\n<p>\u00a0<\/p>\n<h2 class=\"wp-block-heading\"><strong>14. VERARBEITUNG PERSONENBEZOGENER DATEN<\/strong><\/h2>\n<p>a) Der Benutzer erm\u00e4chtigt Despensa Franciscana, die bei der Nutzung der Website www.despensafranciscana.com angegebenen personenbezogenen Daten automatisch zu verarbeiten, insbesondere durch die Verwendung von Cookies.<\/p>\n<p><a href=\"https:\/\/despensafranciscana.com\/de\/politica-privacidade\/\" data-type=\"URL\" data-id=\"https:\/\/despensafranciscana.com\/politica-privacidade\/\">Entdecken Sie hier unsere Datenschutzerkl\u00e4rung.<\/a><\/p>\n<p>\u00a0<\/p>\n<h2 class=\"wp-block-heading\"><strong>15. GEISTIGES EIGENTUM<\/strong><\/h2>\n<p>a) Todo o conte\u00fado do nosso website\u00a0 \u00e9 propriedade intelectual da Despensa Franciscana, n\u00e3o podendo ser copiado nem reproduzido.<\/p>\n<p>b) Alle Texte, Bilder, Illustrationen, Fotografien, Marken und andere Elemente der Website www.despensafranciscana.com sind gesetzlich gesch\u00fctzt.<\/p>\n<p>\u00a0<\/p>\n<h2 class=\"wp-block-heading\"><strong>16.<\/strong> <strong>KONSERVIERUNG, ARCHIV UND NACHWEIS VON TRANSAKTIONEN<\/strong><\/h2>\n<p>a) Die Einreichung von Bestellungen und Rechnungen erfolgt auf einem zuverl\u00e4ssigen und dauerhaften Datentr\u00e4ger.<\/p>\n<p>b) Die Parteien vereinbaren, dass die in den Informationssystemen der Despensa Franciscana gef\u00fchrten EDV-Aufzeichnungen als Nachweis f\u00fcr die zwischen den Parteien get\u00e4tigten Mitteilungen, Bestellungen und Zahlungen dienen.<\/p>\n<p>\u00a0<\/p>\n<h2 class=\"wp-block-heading\"><strong>17.<\/strong> <strong>AUSSETZUNG ODER \u00c4NDERUNG DER ALLGEMEINEN VERKAUFS- UND NUTZUNGSBEDINGUNGEN<\/strong><\/h2>\n<p>a) Diese Allgemeinen Verkaufs- und Nutzungsbedingungen kommen, wenn sie vom Benutzer akzeptiert werden, in Form eines Vertrages zwischen dem Benutzer und Despensa Franciscana zustande, die sich das Recht vorbeh\u00e4lt, jederzeit vom Vertrag zur\u00fcckzutreten, wenn der Benutzer zuwiderhandelt, droht gegen die Allgemeinen Verkaufs- und Nutzungsbedingungen versto\u00dfen oder nachweisen, dass sie nicht die Absicht haben, diese einzuhalten.<\/p>\n<p>b) Despensa Franciscana kann auch auf den Vertrag mit dem Nutzer verzichten, wenn nach Ansicht von Despensa Franciscana die Verf\u00fcgbarkeit der Website ohne Anspruch auf Ausgleichsma\u00dfnahme oder Schadensersatz nicht mehr wirtschaftlich ist.<\/p>\n<p>c) Die Allgemeinen Verkaufs- und Nutzungsbedingungen k\u00f6nnen zu keinem Zeitpunkt ge\u00e4ndert werden und m\u00fcssen dem Benutzer auf dem von Despensa Franciscana f\u00fcr am bequemsten erachteten Weg mitgeteilt werden. Erst nach Annahme der neuen Bedingungen durch den Nutzer k\u00f6nnen diese wirksam werden. Wenn der Benutzer mitteilt, dass er die \u00c4nderungen der Allgemeinen Nutzungsbedingungen nicht akzeptiert, muss er die Nutzung des Dienstes Despensa Franciscana unverz\u00fcglich einstellen. Wenn der Benutzer die neuen Bedingungen nicht ausdr\u00fccklich akzeptiert, die Website jedoch weiterhin nutzt, wird die Annahme dieser Bedingungen stillschweigend vorausgesetzt.<\/p>\n<p>\u00a0<\/p>\n<h2 class=\"wp-block-heading\"><strong>18. ANWENDBARES RECHT UND ZUST\u00c4NDIGE GERICHTSBARKEIT<\/strong><\/h2>\n<p>a) Das anwendbare Recht f\u00fcr jedes Vertragsverh\u00e4ltnis, das \u00fcber die Despensa Franciscana-Website zustande kommt, ist portugiesisches Recht.<\/p>\n<p>b) Im Falle von Streitigkeiten, die sich aus der Auslegung, Anwendung und\/oder Beendigung eines im Rahmen dieser Allgemeinen Verkaufs- und Nutzungsbedingungen geschlossenen Vertrages ergeben, sowie bei Handlungen, die die Einhaltung, \u00c4nderung, ganz oder teilweise fordern Annullierung und\/oder deren Beendigung oder f\u00fcr alle anderen darauf basierenden Ma\u00dfnahmen w\u00e4hlen die Parteien im gegenseitigen Einvernehmen und da diese Vereinbarung in ihrem Interesse liegt, als zust\u00e4ndiges Gericht das Gericht des Bezirks Portalegre mit ausdr\u00fccklichem Verzicht auf jegliche andere, die aufgrund des Territoriums gesetzlich zust\u00e4ndig waren<\/p>\n<p>\u00a0<\/p>\n<p>\u00a0<\/p>\n<p>\n<\/div><\/div><\/div><\/div><\/div><\/div><script id=\"script-row-unique-0\" data-row=\"script-row-unique-0\" type=\"text\/javascript\" class=\"vc_controls\">UNCODE.initRow(document.getElementById(\"row-unique-0\"));<\/script><\/div><\/div><\/div><\/div>","protected":false},"excerpt":{"rendered":"Termos e Condi\u00e7\u00f5es Gerais de Venda e Utiliza\u00e7\u00e3o PRE\u00c2MBULO Estes termos e condi\u00e7\u00f5es gerais de venda e utiliza\u00e7\u00e3o s\u00e3o acordados [...]","protected":false},"author":1,"featured_media":0,"parent":0,"menu_order":0,"comment_status":"closed","ping_status":"closed","template":"","meta":{"footnotes":""},"class_list":["post-1349","page","type-page","status-publish","hentry"],"yoast_head":"<!-- This site is optimized with the Yoast SEO plugin v27.2 - https:\/\/yoast.com\/product\/yoast-seo-wordpress\/ -->\n<title>Termos e Condi\u00e7\u00f5es Gerais de Venda e Utiliza\u00e7\u00e3o - Despensa Franciscana<\/title>\n<meta name=\"robots\" content=\"index, follow, max-snippet:-1, max-image-preview:large, max-video-preview:-1\" \/>\n<link rel=\"canonical\" href=\"https:\/\/despensafranciscana.com\/de\/termos-e-condicoes\/\" \/>\n<meta property=\"og:locale\" content=\"de_DE\" \/>\n<meta property=\"og:type\" content=\"article\" \/>\n<meta property=\"og:title\" content=\"Termos e Condi\u00e7\u00f5es Gerais de Venda e Utiliza\u00e7\u00e3o - Despensa Franciscana\" \/>\n<meta property=\"og:url\" content=\"https:\/\/despensafranciscana.com\/de\/termos-e-condicoes\/\" \/>\n<meta property=\"og:site_name\" content=\"Despensa Franciscana\" \/>\n<meta property=\"article:publisher\" content=\"https:\/\/www.facebook.com\/despensafranciscana\/\" \/>\n<meta property=\"article:modified_time\" content=\"2025-02-23T18:03:58+00:00\" \/>\n<meta property=\"og:image\" content=\"https:\/\/despensafranciscana.com\/wp-content\/uploads\/2026\/03\/despensa_social.jpg\" \/>\n\t<meta property=\"og:image:width\" content=\"1505\" \/>\n\t<meta property=\"og:image:height\" content=\"847\" \/>\n\t<meta property=\"og:image:type\" content=\"image\/jpeg\" \/>\n<meta name=\"twitter:card\" content=\"summary_large_image\" \/>\n<meta name=\"twitter:label1\" content=\"Gesch\u00e4tzte Lesezeit\" \/>\n\t<meta name=\"twitter:data1\" content=\"11\u00a0Minuten\" \/>\n<script type=\"application\/ld+json\" class=\"yoast-schema-graph\">{\"@context\":\"https:\/\/schema.org\",\"@graph\":[{\"@type\":\"WebPage\",\"@id\":\"https:\/\/despensafranciscana.com\/termos-e-condicoes\/\",\"url\":\"https:\/\/despensafranciscana.com\/termos-e-condicoes\/\",\"name\":\"Termos e Condi\u00e7\u00f5es Gerais de Venda e Utiliza\u00e7\u00e3o - Despensa Franciscana\",\"isPartOf\":{\"@id\":\"https:\/\/despensafranciscana.com\/#website\"},\"datePublished\":\"2021-06-13T20:10:38+00:00\",\"dateModified\":\"2025-02-23T18:03:58+00:00\",\"breadcrumb\":{\"@id\":\"https:\/\/despensafranciscana.com\/termos-e-condicoes\/#breadcrumb\"},\"inLanguage\":\"de\",\"potentialAction\":[{\"@type\":\"ReadAction\",\"target\":[\"https:\/\/despensafranciscana.com\/termos-e-condicoes\/\"]}]},{\"@type\":\"BreadcrumbList\",\"@id\":\"https:\/\/despensafranciscana.com\/termos-e-condicoes\/#breadcrumb\",\"itemListElement\":[{\"@type\":\"ListItem\",\"position\":1,\"name\":\"In\u00edcio\",\"item\":\"https:\/\/despensafranciscana.com\/\"},{\"@type\":\"ListItem\",\"position\":2,\"name\":\"Termos e Condi\u00e7\u00f5es Gerais de Venda e Utiliza\u00e7\u00e3o\"}]},{\"@type\":\"WebSite\",\"@id\":\"https:\/\/despensafranciscana.com\/#website\",\"url\":\"https:\/\/despensafranciscana.com\/\",\"name\":\"Despensa Franciscana\",\"description\":\"Despensa Franciscana\",\"publisher\":{\"@id\":\"https:\/\/despensafranciscana.com\/#organization\"},\"potentialAction\":[{\"@type\":\"SearchAction\",\"target\":{\"@type\":\"EntryPoint\",\"urlTemplate\":\"https:\/\/despensafranciscana.com\/?s={search_term_string}\"},\"query-input\":{\"@type\":\"PropertyValueSpecification\",\"valueRequired\":true,\"valueName\":\"search_term_string\"}}],\"inLanguage\":\"de\"},{\"@type\":\"Organization\",\"@id\":\"https:\/\/despensafranciscana.com\/#organization\",\"name\":\"Despensa Franciscana\",\"url\":\"https:\/\/despensafranciscana.com\/\",\"logo\":{\"@type\":\"ImageObject\",\"inLanguage\":\"de\",\"@id\":\"https:\/\/despensafranciscana.com\/#\/schema\/logo\/image\/\",\"url\":\"https:\/\/despensafranciscana.com\/wp-content\/uploads\/2025\/02\/despensa-franciscana-revamp-logos-8.png\",\"contentUrl\":\"https:\/\/despensafranciscana.com\/wp-content\/uploads\/2025\/02\/despensa-franciscana-revamp-logos-8.png\",\"width\":1920,\"height\":628,\"caption\":\"Despensa Franciscana\"},\"image\":{\"@id\":\"https:\/\/despensafranciscana.com\/#\/schema\/logo\/image\/\"},\"sameAs\":[\"https:\/\/www.facebook.com\/despensafranciscana\/\",\"https:\/\/www.instagram.com\/despensafranciscana\/\"]}]}<\/script>\n<!-- \/ Yoast SEO plugin. -->","yoast_head_json":{"title":"Termos e Condi\u00e7\u00f5es Gerais de Venda e Utiliza\u00e7\u00e3o - Despensa Franciscana","robots":{"index":"index","follow":"follow","max-snippet":"max-snippet:-1","max-image-preview":"max-image-preview:large","max-video-preview":"max-video-preview:-1"},"canonical":"https:\/\/despensafranciscana.com\/de\/termos-e-condicoes\/","og_locale":"de_DE","og_type":"article","og_title":"Termos e Condi\u00e7\u00f5es Gerais de Venda e Utiliza\u00e7\u00e3o - Despensa Franciscana","og_url":"https:\/\/despensafranciscana.com\/de\/termos-e-condicoes\/","og_site_name":"Despensa Franciscana","article_publisher":"https:\/\/www.facebook.com\/despensafranciscana\/","article_modified_time":"2025-02-23T18:03:58+00:00","og_image":[{"width":1505,"height":847,"url":"https:\/\/despensafranciscana.com\/wp-content\/uploads\/2026\/03\/despensa_social.jpg","type":"image\/jpeg"}],"twitter_card":"summary_large_image","twitter_misc":{"Gesch\u00e4tzte Lesezeit":"11\u00a0Minuten"},"schema":{"@context":"https:\/\/schema.org","@graph":[{"@type":"WebPage","@id":"https:\/\/despensafranciscana.com\/termos-e-condicoes\/","url":"https:\/\/despensafranciscana.com\/termos-e-condicoes\/","name":"Termos e Condi\u00e7\u00f5es Gerais de Venda e Utiliza\u00e7\u00e3o - Despensa Franciscana","isPartOf":{"@id":"https:\/\/despensafranciscana.com\/#website"},"datePublished":"2021-06-13T20:10:38+00:00","dateModified":"2025-02-23T18:03:58+00:00","breadcrumb":{"@id":"https:\/\/despensafranciscana.com\/termos-e-condicoes\/#breadcrumb"},"inLanguage":"de","potentialAction":[{"@type":"ReadAction","target":["https:\/\/despensafranciscana.com\/termos-e-condicoes\/"]}]},{"@type":"BreadcrumbList","@id":"https:\/\/despensafranciscana.com\/termos-e-condicoes\/#breadcrumb","itemListElement":[{"@type":"ListItem","position":1,"name":"In\u00edcio","item":"https:\/\/despensafranciscana.com\/"},{"@type":"ListItem","position":2,"name":"Termos e Condi\u00e7\u00f5es Gerais de Venda e Utiliza\u00e7\u00e3o"}]},{"@type":"WebSite","@id":"https:\/\/despensafranciscana.com\/#website","url":"https:\/\/despensafranciscana.com\/","name":"Franziskanische Speisekammer","description":"Franziskanische Speisekammer","publisher":{"@id":"https:\/\/despensafranciscana.com\/#organization"},"potentialAction":[{"@type":"SearchAction","target":{"@type":"EntryPoint","urlTemplate":"https:\/\/despensafranciscana.com\/?s={search_term_string}"},"query-input":{"@type":"PropertyValueSpecification","valueRequired":true,"valueName":"search_term_string"}}],"inLanguage":"de"},{"@type":"Organization","@id":"https:\/\/despensafranciscana.com\/#organization","name":"Franziskanische Speisekammer","url":"https:\/\/despensafranciscana.com\/","logo":{"@type":"ImageObject","inLanguage":"de","@id":"https:\/\/despensafranciscana.com\/#\/schema\/logo\/image\/","url":"https:\/\/despensafranciscana.com\/wp-content\/uploads\/2025\/02\/despensa-franciscana-revamp-logos-8.png","contentUrl":"https:\/\/despensafranciscana.com\/wp-content\/uploads\/2025\/02\/despensa-franciscana-revamp-logos-8.png","width":1920,"height":628,"caption":"Despensa Franciscana"},"image":{"@id":"https:\/\/despensafranciscana.com\/#\/schema\/logo\/image\/"},"sameAs":["https:\/\/www.facebook.com\/despensafranciscana\/","https:\/\/www.instagram.com\/despensafranciscana\/"]}]}},"_links":{"self":[{"href":"https:\/\/despensafranciscana.com\/de\/wp-json\/wp\/v2\/pages\/1349","targetHints":{"allow":["GET"]}}],"collection":[{"href":"https:\/\/despensafranciscana.com\/de\/wp-json\/wp\/v2\/pages"}],"about":[{"href":"https:\/\/despensafranciscana.com\/de\/wp-json\/wp\/v2\/types\/page"}],"author":[{"embeddable":true,"href":"https:\/\/despensafranciscana.com\/de\/wp-json\/wp\/v2\/users\/1"}],"replies":[{"embeddable":true,"href":"https:\/\/despensafranciscana.com\/de\/wp-json\/wp\/v2\/comments?post=1349"}],"version-history":[{"count":0,"href":"https:\/\/despensafranciscana.com\/de\/wp-json\/wp\/v2\/pages\/1349\/revisions"}],"wp:attachment":[{"href":"https:\/\/despensafranciscana.com\/de\/wp-json\/wp\/v2\/media?parent=1349"}],"curies":[{"name":"wp","href":"https:\/\/api.w.org\/{rel}","templated":true}]}}